{"id":26,"date":"2020-09-04T21:05:27","date_gmt":"2020-09-04T21:05:27","guid":{"rendered":"https:\/\/ellz.net\/?page_id=26"},"modified":"2022-11-10T20:23:54","modified_gmt":"2022-11-10T20:23:54","slug":"fr_contact","status":"publish","type":"page","link":"https:\/\/ellz.net\/?page_id=26","title":{"rendered":"Fr_Contact"},"content":{"rendered":"<div data-colibri-id=\"26-c1\" class=\"style-1001 style-local-26-c1 position-relative\">\n  <!---->\n  <div data-colibri-component=\"section\" data-colibri-id=\"26-c2\" id=\"contact\" class=\"h-section h-section-global-spacing d-flex align-items-lg-center align-items-md-center align-items-center style-1123 style-local-26-c2 position-relative\">\n    <!---->\n    <!---->\n    <div class=\"h-section-grid-container h-section-boxed-container\">\n      <!---->\n      <div data-colibri-id=\"26-c3\" class=\"h-row-container gutters-row-lg-0 gutters-row-md-0 gutters-row-0 gutters-row-v-lg-0 gutters-row-v-md-0 gutters-row-v-0 style-1124 style-local-26-c3 position-relative\">\n        <!---->\n        <div class=\"h-row justify-content-lg-center justify-content-md-center justify-content-center align-items-lg-stretch align-items-md-stretch align-items-stretch gutters-col-lg-0 gutters-col-md-0 gutters-col-0 gutters-col-v-lg-0 gutters-col-v-md-0 gutters-col-v-0\">\n          <!---->\n          <div class=\"h-column h-column-container d-flex h-col-lg-auto h-col-md-auto h-col-auto style-1125-outer style-local-26-c4-outer\">\n            <div data-colibri-id=\"26-c4\" class=\"d-flex h-flex-basis h-column__inner h-px-lg-2 h-px-md-2 h-px-2 v-inner-lg-2 v-inner-md-2 v-inner-2 style-1125 style-local-26-c4 position-relative\">\n              <!---->\n              <!---->\n              <div class=\"w-100 h-y-container h-column__content h-column__v-align flex-basis-auto align-self-lg-start align-self-md-start align-self-start\">\n                <!---->\n                <div data-colibri-id=\"26-c5\" class=\"h-global-transition-all h-heading style-1126 style-local-26-c5 position-relative h-element\">\n                  <!---->\n                  <div class=\"h-heading__outer style-1126 style-local-26-c5\">\n                    <!---->\n                    <!---->\n                    <h4 class=\"\">FORmulaire<\/h4>\n                  <\/div>\n                <\/div>\n              <\/div>\n            <\/div>\n          <\/div>\n        <\/div>\n      <\/div>\n      <div data-colibri-id=\"26-c6\" class=\"h-row-container gutters-row-lg-2 gutters-row-md-2 gutters-row-2 gutters-row-v-lg-2 gutters-row-v-md-2 gutters-row-v-2 style-1127 style-local-26-c6 position-relative\">\n        <!---->\n        <div class=\"h-row justify-content-lg-center justify-content-md-center justify-content-center align-items-lg-stretch align-items-md-stretch align-items-stretch gutters-col-lg-2 gutters-col-md-2 gutters-col-2 gutters-col-v-lg-2 gutters-col-v-md-2 gutters-col-v-2\">\n          <!---->\n          <div class=\"h-column h-column-container d-flex h-col-lg-auto h-col-md-auto h-col-auto style-1128-outer style-local-26-c7-outer\">\n            <div data-colibri-id=\"26-c7\" class=\"d-flex h-flex-basis h-column__inner h-px-lg-3 h-px-md-3 h-px-3 v-inner-lg-3 v-inner-md-3 v-inner-3 style-1128 style-local-26-c7 position-relative\">\n              <!---->\n              <!---->\n              <div class=\"w-100 h-y-container h-column__content h-column__v-align flex-basis-100 align-self-lg-start align-self-md-start align-self-start\">\n                <!---->\n                <div data-colibri-id=\"26-c8\" class=\"h-contact-form__outer--forminator style-1129 style-local-26-c8 position-relative h-element\">\n                  <!---->\n                  <div class=\"h-global-transition-all h-global-transition h-global-transition-all h-contact-form-shortcode\"><form id=\"forminator-module-202\" class=\"forminator-custom-form forminator-custom-form-202\" method=\"post\" data-forminator-render=\"0\" data-uid=\"69f2a0561c860\"><div class=\"forminator-response-message forminator-error\" aria-hidden=\"true\"><\/div><\/form><\/div>\n                <\/div>\n              <\/div>\n            <\/div>\n          <\/div>\n        <\/div>\n      <\/div>\n    <\/div>\n  <\/div>\n  <div data-colibri-component=\"section\" data-colibri-id=\"26-c9\" id=\"reusable-sections\" class=\"h-section h-section-global-spacing d-flex align-items-lg-center align-items-md-center align-items-center style-3220 style-local-26-c9 position-relative\">\n    <!---->\n    <!---->\n    <div class=\"h-section-grid-container h-section-boxed-container\">\n      <!---->\n      <div data-colibri-id=\"26-c10\" class=\"h-row-container gutters-row-lg-2 gutters-row-md-2 gutters-row-0 gutters-row-v-lg-2 gutters-row-v-md-2 gutters-row-v-2 style-3221 style-local-26-c10 position-relative\">\n        <!---->\n        <div class=\"h-row justify-content-lg-center justify-content-md-center justify-content-center align-items-lg-stretch align-items-md-stretch align-items-stretch gutters-col-lg-2 gutters-col-md-2 gutters-col-0 gutters-col-v-lg-2 gutters-col-v-md-2 gutters-col-v-2\">\n          <!---->\n          <div class=\"h-column h-column-container d-flex h-col-lg-auto h-col-md-auto h-col-auto style-3222-outer style-local-26-c11-outer\">\n            <div data-colibri-id=\"26-c11\" class=\"d-flex h-flex-basis h-column__inner h-px-lg-2 h-px-md-2 h-px-2 v-inner-lg-2 v-inner-md-2 v-inner-2 style-3222 style-local-26-c11 position-relative\">\n              <!---->\n              <!---->\n              <div class=\"w-100 h-y-container h-column__content h-column__v-align flex-basis-100 align-self-lg-start align-self-md-start align-self-start\">\n                <!---->\n                <div data-colibri-id=\"26-c12\" class=\"h-global-transition-all h-heading style-3223 style-local-26-c12 position-relative h-element\">\n                  <!---->\n                  <div class=\"h-heading__outer style-3223 style-local-26-c12\">\n                    <!---->\n                    <!---->\n                    <h1 class=\"\">Nos Sites<\/h1>\n                  <\/div>\n                <\/div>\n                <div data-colibri-id=\"26-c13\" class=\"h-text h-text-component style-3224 style-local-26-c13 position-relative h-element\">\n                  <!---->\n                  <!---->\n                  <div class=\"\">\n                    <p>3 sites permettent de d\u00e9livrer un service de proximit\u00e9, fluide et calibr\u00e9 selon vos besoins et contraintes<\/p>\n                    <p>#flexibilite #multisite<\/p>\n                  <\/div>\n                <\/div>\n              <\/div>\n            <\/div>\n          <\/div>\n        <\/div>\n      <\/div>\n      <div data-colibri-id=\"26-c14\" class=\"h-row-container gutters-row-lg-2 gutters-row-md-2 gutters-row-0 gutters-row-v-lg-2 gutters-row-v-md-2 gutters-row-v-2 style-3225 style-local-26-c14 position-relative\">\n        <!---->\n        <div class=\"h-row justify-content-lg-center justify-content-md-center justify-content-center align-items-lg-stretch align-items-md-stretch align-items-stretch gutters-col-lg-2 gutters-col-md-2 gutters-col-0 gutters-col-v-lg-2 gutters-col-v-md-2 gutters-col-v-2\">\n          <!---->\n          <div class=\"h-column h-column-container d-flex h-col-lg-auto h-col-md-auto h-col-auto style-3226-outer style-local-26-c15-outer\">\n            <div data-colibri-id=\"26-c15\" class=\"d-flex h-flex-basis h-column__inner h-px-lg-2 h-px-md-2 h-px-2 v-inner-lg-2 v-inner-md-2 v-inner-2 style-3226 style-local-26-c15 position-relative\">\n              <!---->\n              <!---->\n              <div class=\"w-100 h-y-container h-column__content h-column__v-align flex-basis-100 align-self-lg-start align-self-md-start align-self-start\">\n                <!---->\n                <div data-colibri-component=\"tabs\" data-colibri-id=\"26-c16\" class=\"h-tabs h-tabs-horizontal h-tabs--horizontal--auto-lg h-tabs--horizontal--auto-md h-tabs--horizontal--full h-tabs h-tabs-horizontal h-tabs--horizontal--auto-lg h-tabs--horizontal--auto-md h-tabs--horizontal--full style-3227 style-local-26-c16 position-relative h-element\">\n                  <!---->\n                  <div class=\"h-tabs-navigation d-flex h-tabs-navigation-horizontal\">\n                    <a href=\"#france\" class=\"h-tabs-navigation-item d-flex align-items-center h-global-transition h-tabs-navigation-active-item h-custom-active-state\" rel=\"#france\">\n                      <!----><span class=\"h-tabs-navigation-item__text\">France<\/span><\/a>\n                    <a href=\"#suisse\" class=\"h-tabs-navigation-item d-flex align-items-center h-global-transition\" rel=\"#suisse\">\n                      <!----><span class=\"h-tabs-navigation-item__text\">Suisse<\/span><\/a>\n                    <a href=\"#tunisie\" class=\"h-tabs-navigation-item d-flex align-items-center h-global-transition\" rel=\"#tunisie\">\n                      <!----><span class=\"h-tabs-navigation-item__text\">Tunisie<\/span><\/a>\n                  <\/div>\n                  <div id=\"france\" skip-smooth-scroll=\"true\" skip-scroll-spy=\"true\" data-colibri-id=\"26-c17\" class=\"h-tabs-item-content h-tabs-item h-tabs-content-horizontal h-tabs-content-26-c17 style-3228 style-local-26-c17 position-relative h-element h-tabs-content-active\">\n                    <!---->\n                    <div class=\"w-100 h-y-container\">\n                      <!---->\n                      <div data-colibri-id=\"26-c18\" class=\"h-global-transition-all h-heading style-3229 style-local-26-c18 position-relative h-element\">\n                        <!---->\n                        <div class=\"h-heading__outer style-3229 style-local-26-c18\">\n                          <!---->\n                          <!---->\n                          <h4 class=\"\">ellz and beyond SAS, France<\/h4>\n                        <\/div>\n                      <\/div>\n                      <div data-colibri-id=\"26-c19\" class=\"h-text h-text-component style-3230 style-local-26-c19 position-relative h-element\">\n                        <!---->\n                        <!---->\n                        <div class=\"\">\n                          <p>26, rue du 4 septembre<\/p>\n                          <p>75002, Paris &#8211; France&nbsp;<\/p>\n                        <\/div>\n                      <\/div>\n                    <\/div>\n                  <\/div>\n                  <div id=\"suisse\" skip-smooth-scroll=\"true\" skip-scroll-spy=\"true\" data-colibri-id=\"26-c20\" class=\"h-tabs-item-content h-tabs-item h-tabs-content-horizontal h-tabs-content-26-c20 style-3231 style-local-26-c20 position-relative h-element hide\">\n                    <!---->\n                    <div class=\"w-100 h-y-container\">\n                      <!---->\n                      <div data-colibri-id=\"26-c21\" class=\"h-global-transition-all h-heading style-3232 style-local-26-c21 position-relative h-element\">\n                        <!---->\n                        <div class=\"h-heading__outer style-3232 style-local-26-c21\">\n                          <!---->\n                          <!---->\n                          <h4 class=\"\">ellz and beyond Switzerland, SARL<\/h4>\n                        <\/div>\n                      <\/div>\n                      <div data-colibri-id=\"26-c22\" class=\"h-text h-text-component style-3233 style-local-26-c22 position-relative h-element\">\n                        <!---->\n                        <!---->\n                        <div class=\"\">\n                          <p>12 place de la gare<\/p>\n                          <p>1003 Lausanne &#8211; Suisse<\/p>\n                          <p>\n                            <br>\n                          <\/p>\n                        <\/div>\n                      <\/div>\n                    <\/div>\n                  <\/div>\n                  <div id=\"tunisie\" skip-smooth-scroll=\"true\" skip-scroll-spy=\"true\" data-colibri-id=\"26-c23\" class=\"h-tabs-item-content h-tabs-item h-tabs-content-horizontal h-tabs-content-26-c23 style-3234 style-local-26-c23 position-relative h-element hide\">\n                    <!---->\n                    <div class=\"w-100 h-y-container\">\n                      <!---->\n                      <div data-colibri-id=\"26-c24\" class=\"h-global-transition-all h-heading style-3235 style-local-26-c24 position-relative h-element\">\n                        <!---->\n                        <div class=\"h-heading__outer style-3235 style-local-26-c24\">\n                          <!---->\n                          <!---->\n                          <h4 class=\"\">ellz and beyond Tunisia, SARL<\/h4>\n                        <\/div>\n                      <\/div>\n                      <div data-colibri-id=\"26-c25\" class=\"h-text h-text-component style-3236 style-local-26-c25 position-relative h-element\">\n                        <!---->\n                        <!---->\n                        <div class=\"\">\n                          <p>Yasmine Tower-&nbsp;<span style=\"color: rgb(60, 65, 84); font-family: &quot;Open Sans&quot;; font-size: 16px; font-weight: 400;\">Centre Urbain Nord<\/span><\/p>\n                          <p>1003 Tunis &#8211; Tunisie<\/p>\n                          <p>\n                            <br>\n                          <\/p>\n                        <\/div>\n                      <\/div>\n                    <\/div>\n                  <\/div>\n                <\/div>\n              <\/div>\n            <\/div>\n          <\/div>\n        <\/div>\n      <\/div>\n    <\/div>\n  <\/div>\n<\/div>","protected":false},"excerpt":{"rendered":"<p>FORmulaire Nos Sites 3 sites permettent de d\u00e9livrer un service de proximit\u00e9, fluide et calibr\u00e9 selon vos besoins et contraintes #flexibilite #multisite France Suisse Tunisie ellz and beyond SAS, France 26, rue du 4 septembre 75002, Paris &#8211; France&nbsp; ellz and beyond Switzerland, SARL 12 place de la gare 1003 Lausanne &#8211; Suisse ellz and [&hellip;]<\/p>\n","protected":false},"author":1,"featured_media":0,"parent":0,"menu_order":0,"comment_status":"closed","ping_status":"closed","template":"page-templates\/full-width-page.php","meta":{"footnotes":""},"_links":{"self":[{"href":"https:\/\/ellz.net\/index.php?rest_route=\/wp\/v2\/pages\/26"}],"collection":[{"href":"https:\/\/ellz.net\/index.php?rest_route=\/wp\/v2\/pages"}],"about":[{"href":"https:\/\/ellz.net\/index.php?rest_route=\/wp\/v2\/types\/page"}],"author":[{"embeddable":true,"href":"https:\/\/ellz.net\/index.php?rest_route=\/wp\/v2\/users\/1"}],"replies":[{"embeddable":true,"href":"https:\/\/ellz.net\/index.php?rest_route=%2Fwp%2Fv2%2Fcomments&post=26"}],"version-history":[{"count":20,"href":"https:\/\/ellz.net\/index.php?rest_route=\/wp\/v2\/pages\/26\/revisions"}],"predecessor-version":[{"id":4867,"href":"https:\/\/ellz.net\/index.php?rest_route=\/wp\/v2\/pages\/26\/revisions\/4867"}],"wp:attachment":[{"href":"https:\/\/ellz.net\/index.php?rest_route=%2Fwp%2Fv2%2Fmedia&parent=26"}],"curies":[{"name":"wp","href":"https:\/\/api.w.org\/{rel}","templated":true}]}}